{"id":191,"date":"2017-07-04T13:21:10","date_gmt":"2017-07-04T13:21:10","guid":{"rendered":"http:\/\/saglachosting.com\/~granulco\/?page_id=191"},"modified":"2023-03-23T16:28:33","modified_gmt":"2023-03-23T21:28:33","slug":"contact","status":"publish","type":"page","link":"https:\/\/granulco.com\/en\/contact\/","title":{"rendered":"Contact us"},"content":{"rendered":"<p>[vc_row margin_top=&#8221;-50px&#8221;][vc_column]<div class=\"ult-spacer spacer-69dfc69e32b86\" data-id=\"69dfc69e32b86\" data-height=\"30\" data-height-mobile=\"30\" data-height-tab=\"30\" data-height-tab-portrait=\"\" data-height-mobile-landscape=\"\" style=\"clear:both;display:block;\"><\/div>[\/vc_column][\/vc_row][vc_row type=&#8221;5&#8243; padding_bottom=&#8221;25&#8243; bg_color=&#8221;#ffffff&#8221;][vc_column width=&#8221;2\/3&#8243;]<section class=\"shortcode-action-box table shortcode-action-bg plain-bg no-line\"><div class=\"text-big\"><p>Granulco is proud to be present in<strong> most hardware stores in Quebec<\/strong> and<strong> some pellet stove sales sites<\/strong>, please contact your local dealer first to make sure you get one of your favorite Granulco products.<\/p>\n<p><span style=\"color: #008f70;\">Granulco does not retail.<\/span><\/p>\n<\/div><\/section><div class=\"ult-spacer spacer-69dfc69e32c2c\" data-id=\"69dfc69e32c2c\" data-height=\"25\" data-height-mobile=\"25\" data-height-tab=\"25\" data-height-tab-portrait=\"\" data-height-mobile-landscape=\"\" style=\"clear:both;display:block;\"><\/div>[vc_row_inner][vc_column_inner width=&#8221;1\/6&#8243;]<div class=\"ult-just-icon-wrapper  \"><div class=\"align-icon\" style=\"text-align:center;\">\n<div class=\"aio-icon circle \"  style=\"color:#ffffff;background:#008f70;font-size:32px;display:inline-block;\">\n\t<i class=\"Defaults-map-marker\"><\/i>\n<\/div><\/div><\/div>[\/vc_column_inner][vc_column_inner width=&#8221;5\/6&#8243;][vc_text_separator title=&#8221;Address&#8221; title_align=&#8221;separator_align_left&#8221; align=&#8221;align_left&#8221;][vc_column_text]648, chemin du Moulin, Sacr\u00e9-C\u0153ur (Qu\u00e9bec)\u00a0 G0T 1Y0\u00a0 Canada[\/vc_column_text][\/vc_column_inner][\/vc_row_inner]<div class=\"ult-spacer spacer-69dfc69e32dd3\" data-id=\"69dfc69e32dd3\" data-height=\"10\" data-height-mobile=\"10\" data-height-tab=\"10\" data-height-tab-portrait=\"\" data-height-mobile-landscape=\"\" style=\"clear:both;display:block;\"><\/div>[vc_row_inner][vc_column_inner width=&#8221;1\/6&#8243;]<div class=\"ult-just-icon-wrapper  \"><div class=\"align-icon\" style=\"text-align:center;\">\n<div class=\"aio-icon circle \"  style=\"color:#ffffff;background:#008f70;font-size:32px;display:inline-block;\">\n\t<i class=\"Defaults-envelope\"><\/i>\n<\/div><\/div><\/div>[\/vc_column_inner][vc_column_inner width=&#8221;5\/6&#8243;][vc_text_separator title=&#8221;Comments and request for information&#8221; title_align=&#8221;separator_align_left&#8221; align=&#8221;align_left&#8221;]\n<div class=\"wpcf7 no-js\" id=\"wpcf7-f334-o1\" lang=\"fr-FR\" dir=\"ltr\" data-wpcf7-id=\"334\">\n<div class=\"screen-reader-response\"><p role=\"status\" aria-live=\"polite\" aria-atomic=\"true\"><\/p> <ul><\/ul><\/div>\n<form action=\"\/en\/wp-json\/wp\/v2\/pages\/191#wpcf7-f334-o1\" method=\"post\" class=\"wpcf7-form init\" aria-label=\"Formulaire de contact\" novalidate=\"novalidate\" data-status=\"init\">\n<fieldset class=\"hidden-fields-container\"><input type=\"hidden\" name=\"_wpcf7\" value=\"334\" \/><input type=\"hidden\" name=\"_wpcf7_version\" value=\"6.1.5\" \/><input type=\"hidden\" name=\"_wpcf7_locale\" value=\"fr_FR\" \/><input type=\"hidden\" name=\"_wpcf7_unit_tag\" value=\"wpcf7-f334-o1\" \/><input type=\"hidden\" name=\"_wpcf7_container_post\" value=\"0\" \/><input type=\"hidden\" name=\"_wpcf7_posted_data_hash\" value=\"\" \/><input type=\"hidden\" name=\"_wpcf7_recaptcha_response\" value=\"\" \/>\n<\/fieldset>\n<p><label> Your name (required)<br \/>\n<span class=\"wpcf7-form-control-wrap\" data-name=\"your-name\"><input size=\"40\" maxlength=\"400\" class=\"wpcf7-form-control wpcf7-text wpcf7-validates-as-required\" aria-required=\"true\" aria-invalid=\"false\" value=\"\" type=\"text\" name=\"your-name\" \/><\/span> <\/label>\n<\/p>\n<p><label> Your email (required)<br \/>\n<span class=\"wpcf7-form-control-wrap\" data-name=\"your-email\"><input size=\"40\" maxlength=\"400\" class=\"wpcf7-form-control wpcf7-email wpcf7-validates-as-required wpcf7-text wpcf7-validates-as-email\" aria-required=\"true\" aria-invalid=\"false\" value=\"\" type=\"email\" name=\"your-email\" \/><\/span> <\/label>\n<\/p>\n<p><label> Subject<br \/>\n<span class=\"wpcf7-form-control-wrap\" data-name=\"your-subject\"><input size=\"40\" maxlength=\"400\" class=\"wpcf7-form-control wpcf7-text\" aria-invalid=\"false\" value=\"\" type=\"text\" name=\"your-subject\" \/><\/span> <\/label>\n<\/p>\n<p><label> Your message<br \/>\n<span class=\"wpcf7-form-control-wrap\" data-name=\"your-message\"><textarea cols=\"40\" rows=\"10\" maxlength=\"2000\" class=\"wpcf7-form-control wpcf7-textarea\" aria-invalid=\"false\" name=\"your-message\"><\/textarea><\/span> <\/label><br \/>\n<span class=\"wpcf7-form-control-wrap recaptcha\" data-name=\"recaptcha\"><span data-sitekey=\"6LcJRaAUAAAAACf5J0OVI9nUdGc4zEN6hW_qjCjY\" class=\"wpcf7-form-control wpcf7-recaptcha g-recaptcha\"><\/span>\r\n<noscript>\r\n\t<div class=\"grecaptcha-noscript\">\r\n\t\t<iframe loading=\"lazy\" src=\"https:\/\/www.google.com\/recaptcha\/api\/fallback?k=6LcJRaAUAAAAACf5J0OVI9nUdGc4zEN6hW_qjCjY\" frameborder=\"0\" scrolling=\"no\" width=\"310\" height=\"430\">\r\n\t\t<\/iframe>\r\n\t\t<textarea name=\"g-recaptcha-response\" rows=\"3\" cols=\"40\" placeholder=\"reCaptcha Response Here\">\r\n\t\t<\/textarea>\r\n\t<\/div>\r\n<\/noscript>\r\n<\/span><br \/>\n<input class=\"wpcf7-form-control wpcf7-submit has-spinner\" type=\"submit\" value=\"Send\" \/>\n<\/p><div class=\"wpcf7-response-output\" aria-hidden=\"true\"><\/div>\n<\/form>\n<\/div>\n[\/vc_column_inner][\/vc_row_inner][\/vc_column][vc_column width=&#8221;1\/3&#8243;][vc_gmaps link=&#8221;#E-8_JTNDaWZyYW1lJTIwc3JjJTNEJTIyaHR0cHMlM0ElMkYlMkZ3d3cuZ29vZ2xlLmNvbSUyRm1hcHMlMkZlbWJlZCUzRnBiJTNEJTIxMW0xOCUyMTFtMTIlMjExbTMlMjExZDI2NTUuNzQxNjM2MTU3Mzc2NCUyMTJkLTY5Ljg5MTAxOTE4NDA4NTIxJTIxM2Q0OC4yNjkzNDYzNDk5NTI4JTIxMm0zJTIxMWYwJTIxMmYwJTIxM2YwJTIxM20yJTIxMWkxMDI0JTIxMmk3NjglMjE0ZjEzLjElMjEzbTMlMjExbTIlMjExczB4NGM5NTYyNTM2OTQyMWFiZCUyNTNBMHg1Mjc3Y2Y2YzRlMWQxMmE0JTIxMnM2NDglMkJDaGVtaW4lMkJkdSUyQk1vdWxpbiUyNTJDJTJCU2FjciUyNUMzJTI1QTktQ29ldXIlMjUyQyUyQlFDJTJCRzBUJTJCMVkwJTIxNWUwJTIxM20yJTIxMXNmciUyMTJzY2ElMjE0djE0OTgwNTg1Mjk4ODclMjIlMjB3aWR0aCUzRCUyMjMwMCUyMiUyMGhlaWdodCUzRCUyMjMwMCUyMiUyMGZyYW1lYm9yZGVyJTNEJTIyMCUyMiUyMHN0eWxlJTNEJTIyYm9yZGVyJTNBMCUyMiUyMGFsbG93ZnVsbHNjcmVlbiUzRSUzQyUyRmlmcmFtZSUzRQ==&#8221;][\/vc_column][\/vc_row][vc_row type=&#8221;1&#8243; margin_bottom=&#8221;-70&#8243; padding_top=&#8221;35&#8243; padding_bottom=&#8221;35&#8243; bg_color=&#8221;#af9787&#8243; css=&#8221;.vc_custom_1494869940586{background-color: #af9787 !important;}&#8221;][vc_column width=&#8221;1\/4&#8243;]<div class=\"dt-fancy-separator title-left h3-size accent-border-color\" style=\"width: 100%;\"><div class=\"dt-fancy-title\" style=\"color: #333333;\"><span class=\"separator-holder separator-left\"><\/span>President<span class=\"separator-holder separator-right\"><\/span><\/div><\/div><div class=\"ult-spacer spacer-69dfc69e34f18\" data-id=\"69dfc69e34f18\" data-height=\"10\" data-height-mobile=\"10\" data-height-tab=\"10\" data-height-tab-portrait=\"\" data-height-mobile-landscape=\"\" style=\"clear:both;display:block;\"><\/div>[vc_column_text]Bastien Desch\u00eanes<\/p>\n<p>Phone\u00a0: <a style=\"color: #ffffff;\" href=\"tel:4182361222,2229\">418 236-1222 # 2229<\/a><\/p>\n<p>Email : <span style=\"color: #ffffff;\"><a style=\"color: #ffffff;\" href=\"mailto:bdeschenes@granulco.com\">bdeschenes@granulco.com<\/a><\/span>[\/vc_column_text][\/vc_column][vc_column width=&#8221;1\/4&#8243;]<div class=\"dt-fancy-separator title-left h3-size accent-border-color\" style=\"width: 100%;\"><div class=\"dt-fancy-title\" style=\"color: #333333;\"><span class=\"separator-holder separator-left\"><\/span>General manager<span class=\"separator-holder separator-right\"><\/span><\/div><\/div><div class=\"ult-spacer spacer-69dfc69e34f35\" data-id=\"69dfc69e34f35\" data-height=\"10\" data-height-mobile=\"10\" data-height-tab=\"10\" data-height-tab-portrait=\"\" data-height-mobile-landscape=\"\" style=\"clear:both;display:block;\"><\/div>[vc_column_text]Karl Gauthier<\/p>\n<p>Phone\u00a0: <a style=\"color: #ffffff;\" href=\"tel:4182361222,2243\">418 236-1222 # 2243<\/a><\/p>\n<p>Email : <span style=\"color: #ffffff;\"><a style=\"color: #ffffff;\" href=\"mailto:fkgauthier@granulco.com\">kgauthier@granulco.com<\/a><\/span>[\/vc_column_text][\/vc_column][vc_column width=&#8221;1\/4&#8243;]<div class=\"dt-fancy-separator title-left h3-size accent-border-color\" style=\"width: 100%;\"><div class=\"dt-fancy-title\" style=\"color: #333333;\"><span class=\"separator-holder separator-left\"><\/span>Sale manager<span class=\"separator-holder separator-right\"><\/span><\/div><\/div><div class=\"ult-spacer spacer-69dfc69e34f4d\" data-id=\"69dfc69e34f4d\" data-height=\"10\" data-height-mobile=\"10\" data-height-tab=\"10\" data-height-tab-portrait=\"\" data-height-mobile-landscape=\"\" style=\"clear:both;display:block;\"><\/div>[vc_column_text 0=&#8221;&#8221;]Jean-Francois Fortier<\/p>\n<p>Phone\u00a0: <a style=\"color: #ffffff;\" href=\"tel:4182361222,2222\">418 236-1222 # 2222<\/a><\/p>\n<p>Email\u00a0: <span style=\"color: #ffffff;\"><a style=\"color: #ffffff;\" href=\"mailto:jffortier@granulco.com\">jffortier@granulco.com<\/a><\/span>[\/vc_column_text][\/vc_column][vc_column width=&#8221;1\/4&#8243;]<div class=\"dt-fancy-separator title-left h3-size accent-border-color\" style=\"width: 100%;\"><div class=\"dt-fancy-title\" style=\"color: #333333;\"><span class=\"separator-holder separator-left\"><\/span>Production<span class=\"separator-holder separator-right\"><\/span><\/div><\/div><div class=\"ult-spacer spacer-69dfc69e34f63\" data-id=\"69dfc69e34f63\" data-height=\"10\" data-height-mobile=\"10\" data-height-tab=\"10\" data-height-tab-portrait=\"\" data-height-mobile-landscape=\"\" style=\"clear:both;display:block;\"><\/div>[vc_column_text]Eddy Gauthier<\/p>\n<p>Phone\u00a0: <a style=\"color: #ffffff;\" href=\"tel:4182361222,2268\">418 236-1222 # 2268<\/a><\/p>\n<p>Email\u00a0: <span style=\"color: #ffffff;\"><a style=\"color: #ffffff;\" href=\"mailto:egauthier@granulco.com\">egauthier@granulco.com<\/a><\/span>[\/vc_column_text][\/vc_column][\/vc_row]<\/p>\n","protected":false},"excerpt":{"rendered":"<p>[vc_row margin_top=&#8221;-50px&#8221;][vc_column][\/vc_column][\/vc_row][vc_row type=&#8221;5&#8243; padding_bottom=&#8221;25&#8243; bg_color=&#8221;#ffffff&#8221;][vc_column width=&#8221;2\/3&#8243;][vc_row_inner][vc_column_inner width=&#8221;1\/6&#8243;][\/vc_column_inner][vc_column_inner width=&#8221;5\/6&#8243;][vc_text_separator title=&#8221;Address&#8221; title_align=&#8221;separator_align_left&#8221; align=&#8221;align_left&#8221;][vc_column_text]648, chemin du Moulin, Sacr\u00e9-C\u0153ur (Qu\u00e9bec)\u00a0 G0T 1Y0\u00a0 Canada[\/vc_column_text][\/vc_column_inner][\/vc_row_inner][vc_row_inner][vc_column_inner width=&#8221;1\/6&#8243;][\/vc_column_inner][vc_column_inner width=&#8221;5\/6&#8243;][vc_text_separator title=&#8221;Comments and request for information&#8221; title_align=&#8221;separator_align_left&#8221; align=&#8221;align_left&#8221;][\/vc_column_inner][\/vc_row_inner][\/vc_column][vc_column width=&#8221;1\/3&#8243;][vc_gmaps link=&#8221;#E-8_JTNDaWZyYW1lJTIwc3JjJTNEJTIyaHR0cHMlM0ElMkYlMkZ3d3cuZ29vZ2xlLmNvbSUyRm1hcHMlMkZlbWJlZCUzRnBiJTNEJTIxMW0xOCUyMTFtMTIlMjExbTMlMjExZDI2NTUuNzQxNjM2MTU3Mzc2NCUyMTJkLTY5Ljg5MTAxOTE4NDA4NTIxJTIxM2Q0OC4yNjkzNDYzNDk5NTI4JTIxMm0zJTIxMWYwJTIxMmYwJTIxM2YwJTIxM20yJTIxMWkxMDI0JTIxMmk3NjglMjE0ZjEzLjElMjEzbTMlMjExbTIlMjExczB4NGM5NTYyNTM2OTQyMWFiZCUyNTNBMHg1Mjc3Y2Y2YzRlMWQxMmE0JTIxMnM2NDglMkJDaGVtaW4lMkJkdSUyQk1vdWxpbiUyNTJDJTJCU2FjciUyNUMzJTI1QTktQ29ldXIlMjUyQyUyQlFDJTJCRzBUJTJCMVkwJTIxNWUwJTIxM20yJTIxMXNmciUyMTJzY2ElMjE0djE0OTgwNTg1Mjk4ODclMjIlMjB3aWR0aCUzRCUyMjMwMCUyMiUyMGhlaWdodCUzRCUyMjMwMCUyMiUyMGZyYW1lYm9yZGVyJTNEJTIyMCUyMiUyMHN0eWxlJTNEJTIyYm9yZGVyJTNBMCUyMiUyMGFsbG93ZnVsbHNjcmVlbiUzRSUzQyUyRmlmcmFtZSUzRQ==&#8221;][\/vc_column][\/vc_row][vc_row type=&#8221;1&#8243; margin_bottom=&#8221;-70&#8243; padding_top=&#8221;35&#8243; padding_bottom=&#8221;35&#8243; bg_color=&#8221;#af9787&#8243; css=&#8221;.vc_custom_1494869940586{background-color: #af9787 !important;}&#8221;][vc_column width=&#8221;1\/4&#8243;][vc_column_text]Bastien Desch\u00eanes Phone\u00a0: 418 236-1222 # 2229 Email : bdeschenes@granulco.com[\/vc_column_text][\/vc_column][vc_column width=&#8221;1\/4&#8243;][vc_column_text]Karl Gauthier Phone\u00a0: 418 236-1222 # 2243&hellip;<\/p>\n","protected":false},"author":1,"featured_media":0,"parent":0,"menu_order":0,"comment_status":"closed","ping_status":"closed","template":"","meta":{"footnotes":""},"class_list":["post-191","page","type-page","status-publish","hentry","description-off"],"yoast_head":"<!-- This site is optimized with the Yoast SEO plugin v27.3 - https:\/\/yoast.com\/product\/yoast-seo-wordpress\/ -->\n<title>Contact us - Granulco<\/title>\n<meta name=\"robots\" content=\"index, follow, max-snippet:-1, max-image-preview:large, max-video-preview:-1\" \/>\n<link rel=\"canonical\" href=\"https:\/\/granulco.com\/en\/contact\/\" \/>\n<meta property=\"og:locale\" content=\"en_US\" \/>\n<meta property=\"og:type\" content=\"article\" \/>\n<meta property=\"og:title\" content=\"Contact us - Granulco\" \/>\n<meta property=\"og:description\" content=\"[vc_row margin_top=&#8221;-50px&#8221;][vc_column][\/vc_column][\/vc_row][vc_row type=&#8221;5&#8243; padding_bottom=&#8221;25&#8243; bg_color=&#8221;#ffffff&#8221;][vc_column width=&#8221;2\/3&#8243;][vc_row_inner][vc_column_inner width=&#8221;1\/6&#8243;][\/vc_column_inner][vc_column_inner width=&#8221;5\/6&#8243;][vc_text_separator title=&#8221;Address&#8221; title_align=&#8221;separator_align_left&#8221; align=&#8221;align_left&#8221;][vc_column_text]648, chemin du Moulin, Sacr\u00e9-C\u0153ur (Qu\u00e9bec)\u00a0 G0T 1Y0\u00a0 Canada[\/vc_column_text][\/vc_column_inner][\/vc_row_inner][vc_row_inner][vc_column_inner width=&#8221;1\/6&#8243;][\/vc_column_inner][vc_column_inner width=&#8221;5\/6&#8243;][vc_text_separator title=&#8221;Comments and request for information&#8221; title_align=&#8221;separator_align_left&#8221; align=&#8221;align_left&#8221;][\/vc_column_inner][\/vc_row_inner][\/vc_column][vc_column width=&#8221;1\/3&#8243;][vc_gmaps link=&#8221;#E-8_JTNDaWZyYW1lJTIwc3JjJTNEJTIyaHR0cHMlM0ElMkYlMkZ3d3cuZ29vZ2xlLmNvbSUyRm1hcHMlMkZlbWJlZCUzRnBiJTNEJTIxMW0xOCUyMTFtMTIlMjExbTMlMjExZDI2NTUuNzQxNjM2MTU3Mzc2NCUyMTJkLTY5Ljg5MTAxOTE4NDA4NTIxJTIxM2Q0OC4yNjkzNDYzNDk5NTI4JTIxMm0zJTIxMWYwJTIxMmYwJTIxM2YwJTIxM20yJTIxMWkxMDI0JTIxMmk3NjglMjE0ZjEzLjElMjEzbTMlMjExbTIlMjExczB4NGM5NTYyNTM2OTQyMWFiZCUyNTNBMHg1Mjc3Y2Y2YzRlMWQxMmE0JTIxMnM2NDglMkJDaGVtaW4lMkJkdSUyQk1vdWxpbiUyNTJDJTJCU2FjciUyNUMzJTI1QTktQ29ldXIlMjUyQyUyQlFDJTJCRzBUJTJCMVkwJTIxNWUwJTIxM20yJTIxMXNmciUyMTJzY2ElMjE0djE0OTgwNTg1Mjk4ODclMjIlMjB3aWR0aCUzRCUyMjMwMCUyMiUyMGhlaWdodCUzRCUyMjMwMCUyMiUyMGZyYW1lYm9yZGVyJTNEJTIyMCUyMiUyMHN0eWxlJTNEJTIyYm9yZGVyJTNBMCUyMiUyMGFsbG93ZnVsbHNjcmVlbiUzRSUzQyUyRmlmcmFtZSUzRQ==&#8221;][\/vc_column][\/vc_row][vc_row type=&#8221;1&#8243; margin_bottom=&#8221;-70&#8243; padding_top=&#8221;35&#8243; padding_bottom=&#8221;35&#8243; bg_color=&#8221;#af9787&#8243; css=&#8221;.vc_custom_1494869940586{background-color: #af9787 !important;}&#8221;][vc_column width=&#8221;1\/4&#8243;][vc_column_text]Bastien Desch\u00eanes Phone\u00a0: 418 236-1222 # 2229 Email : bdeschenes@granulco.com[\/vc_column_text][\/vc_column][vc_column width=&#8221;1\/4&#8243;][vc_column_text]Karl Gauthier Phone\u00a0: 418 236-1222 # 2243&hellip;\" \/>\n<meta property=\"og:url\" content=\"https:\/\/granulco.com\/en\/contact\/\" \/>\n<meta property=\"og:site_name\" content=\"Granulco\" \/>\n<meta property=\"article:modified_time\" content=\"2023-03-23T21:28:33+00:00\" \/>\n<meta property=\"og:image\" content=\"https:\/\/granulco.com\/wp-content\/uploads\/2017\/06\/granulco-33.jpg\" \/>\n\t<meta property=\"og:image:width\" content=\"1280\" \/>\n\t<meta property=\"og:image:height\" content=\"300\" \/>\n\t<meta property=\"og:image:type\" content=\"image\/jpeg\" \/>\n<meta name=\"twitter:card\" content=\"summary_large_image\" \/>\n<meta name=\"twitter:label1\" content=\"Est. reading time\" \/>\n\t<meta name=\"twitter:data1\" content=\"1 minute\" \/>\n<script type=\"application\/ld+json\" class=\"yoast-schema-graph\">{\"@context\":\"https:\\\/\\\/schema.org\",\"@graph\":[{\"@type\":\"WebPage\",\"@id\":\"https:\\\/\\\/granulco.com\\\/en\\\/contact\\\/\",\"url\":\"https:\\\/\\\/granulco.com\\\/en\\\/contact\\\/\",\"name\":\"Contact us - Granulco\",\"isPartOf\":{\"@id\":\"https:\\\/\\\/granulco.com\\\/#website\"},\"datePublished\":\"2017-07-04T13:21:10+00:00\",\"dateModified\":\"2023-03-23T21:28:33+00:00\",\"breadcrumb\":{\"@id\":\"https:\\\/\\\/granulco.com\\\/en\\\/contact\\\/#breadcrumb\"},\"inLanguage\":\"en-US\",\"potentialAction\":[{\"@type\":\"ReadAction\",\"target\":[\"https:\\\/\\\/granulco.com\\\/en\\\/contact\\\/\"]}]},{\"@type\":\"BreadcrumbList\",\"@id\":\"https:\\\/\\\/granulco.com\\\/en\\\/contact\\\/#breadcrumb\",\"itemListElement\":[{\"@type\":\"ListItem\",\"position\":1,\"name\":\"Accueil\",\"item\":\"https:\\\/\\\/granulco.com\\\/en\\\/\"},{\"@type\":\"ListItem\",\"position\":2,\"name\":\"Contact us\"}]},{\"@type\":\"WebSite\",\"@id\":\"https:\\\/\\\/granulco.com\\\/#website\",\"url\":\"https:\\\/\\\/granulco.com\\\/\",\"name\":\"Granulco\",\"description\":\"\",\"potentialAction\":[{\"@type\":\"SearchAction\",\"target\":{\"@type\":\"EntryPoint\",\"urlTemplate\":\"https:\\\/\\\/granulco.com\\\/?s={search_term_string}\"},\"query-input\":{\"@type\":\"PropertyValueSpecification\",\"valueRequired\":true,\"valueName\":\"search_term_string\"}}],\"inLanguage\":\"en-US\"}]}<\/script>\n<!-- \/ Yoast SEO plugin. -->","yoast_head_json":{"title":"Contact us - Granulco","robots":{"index":"index","follow":"follow","max-snippet":"max-snippet:-1","max-image-preview":"max-image-preview:large","max-video-preview":"max-video-preview:-1"},"canonical":"https:\/\/granulco.com\/en\/contact\/","og_locale":"en_US","og_type":"article","og_title":"Contact us - Granulco","og_description":"[vc_row margin_top=&#8221;-50px&#8221;][vc_column][\/vc_column][\/vc_row][vc_row type=&#8221;5&#8243; padding_bottom=&#8221;25&#8243; bg_color=&#8221;#ffffff&#8221;][vc_column width=&#8221;2\/3&#8243;][vc_row_inner][vc_column_inner width=&#8221;1\/6&#8243;][\/vc_column_inner][vc_column_inner width=&#8221;5\/6&#8243;][vc_text_separator title=&#8221;Address&#8221; title_align=&#8221;separator_align_left&#8221; align=&#8221;align_left&#8221;][vc_column_text]648, chemin du Moulin, Sacr\u00e9-C\u0153ur (Qu\u00e9bec)\u00a0 G0T 1Y0\u00a0 Canada[\/vc_column_text][\/vc_column_inner][\/vc_row_inner][vc_row_inner][vc_column_inner width=&#8221;1\/6&#8243;][\/vc_column_inner][vc_column_inner width=&#8221;5\/6&#8243;][vc_text_separator title=&#8221;Comments and request for information&#8221; title_align=&#8221;separator_align_left&#8221; align=&#8221;align_left&#8221;][\/vc_column_inner][\/vc_row_inner][\/vc_column][vc_column width=&#8221;1\/3&#8243;][vc_gmaps link=&#8221;#E-8_JTNDaWZyYW1lJTIwc3JjJTNEJTIyaHR0cHMlM0ElMkYlMkZ3d3cuZ29vZ2xlLmNvbSUyRm1hcHMlMkZlbWJlZCUzRnBiJTNEJTIxMW0xOCUyMTFtMTIlMjExbTMlMjExZDI2NTUuNzQxNjM2MTU3Mzc2NCUyMTJkLTY5Ljg5MTAxOTE4NDA4NTIxJTIxM2Q0OC4yNjkzNDYzNDk5NTI4JTIxMm0zJTIxMWYwJTIxMmYwJTIxM2YwJTIxM20yJTIxMWkxMDI0JTIxMmk3NjglMjE0ZjEzLjElMjEzbTMlMjExbTIlMjExczB4NGM5NTYyNTM2OTQyMWFiZCUyNTNBMHg1Mjc3Y2Y2YzRlMWQxMmE0JTIxMnM2NDglMkJDaGVtaW4lMkJkdSUyQk1vdWxpbiUyNTJDJTJCU2FjciUyNUMzJTI1QTktQ29ldXIlMjUyQyUyQlFDJTJCRzBUJTJCMVkwJTIxNWUwJTIxM20yJTIxMXNmciUyMTJzY2ElMjE0djE0OTgwNTg1Mjk4ODclMjIlMjB3aWR0aCUzRCUyMjMwMCUyMiUyMGhlaWdodCUzRCUyMjMwMCUyMiUyMGZyYW1lYm9yZGVyJTNEJTIyMCUyMiUyMHN0eWxlJTNEJTIyYm9yZGVyJTNBMCUyMiUyMGFsbG93ZnVsbHNjcmVlbiUzRSUzQyUyRmlmcmFtZSUzRQ==&#8221;][\/vc_column][\/vc_row][vc_row type=&#8221;1&#8243; margin_bottom=&#8221;-70&#8243; padding_top=&#8221;35&#8243; padding_bottom=&#8221;35&#8243; bg_color=&#8221;#af9787&#8243; css=&#8221;.vc_custom_1494869940586{background-color: #af9787 !important;}&#8221;][vc_column width=&#8221;1\/4&#8243;][vc_column_text]Bastien Desch\u00eanes Phone\u00a0: 418 236-1222 # 2229 Email : bdeschenes@granulco.com[\/vc_column_text][\/vc_column][vc_column width=&#8221;1\/4&#8243;][vc_column_text]Karl Gauthier Phone\u00a0: 418 236-1222 # 2243&hellip;","og_url":"https:\/\/granulco.com\/en\/contact\/","og_site_name":"Granulco","article_modified_time":"2023-03-23T21:28:33+00:00","og_image":[{"width":1280,"height":300,"url":"https:\/\/granulco.com\/wp-content\/uploads\/2017\/06\/granulco-33.jpg","type":"image\/jpeg"}],"twitter_card":"summary_large_image","twitter_misc":{"Est. reading time":"1 minute"},"schema":{"@context":"https:\/\/schema.org","@graph":[{"@type":"WebPage","@id":"https:\/\/granulco.com\/en\/contact\/","url":"https:\/\/granulco.com\/en\/contact\/","name":"Contact us - Granulco","isPartOf":{"@id":"https:\/\/granulco.com\/#website"},"datePublished":"2017-07-04T13:21:10+00:00","dateModified":"2023-03-23T21:28:33+00:00","breadcrumb":{"@id":"https:\/\/granulco.com\/en\/contact\/#breadcrumb"},"inLanguage":"en-US","potentialAction":[{"@type":"ReadAction","target":["https:\/\/granulco.com\/en\/contact\/"]}]},{"@type":"BreadcrumbList","@id":"https:\/\/granulco.com\/en\/contact\/#breadcrumb","itemListElement":[{"@type":"ListItem","position":1,"name":"Accueil","item":"https:\/\/granulco.com\/en\/"},{"@type":"ListItem","position":2,"name":"Contact us"}]},{"@type":"WebSite","@id":"https:\/\/granulco.com\/#website","url":"https:\/\/granulco.com\/","name":"Granulco","description":"","potentialAction":[{"@type":"SearchAction","target":{"@type":"EntryPoint","urlTemplate":"https:\/\/granulco.com\/?s={search_term_string}"},"query-input":{"@type":"PropertyValueSpecification","valueRequired":true,"valueName":"search_term_string"}}],"inLanguage":"en-US"}]}},"_links":{"self":[{"href":"https:\/\/granulco.com\/en\/wp-json\/wp\/v2\/pages\/191","targetHints":{"allow":["GET"]}}],"collection":[{"href":"https:\/\/granulco.com\/en\/wp-json\/wp\/v2\/pages"}],"about":[{"href":"https:\/\/granulco.com\/en\/wp-json\/wp\/v2\/types\/page"}],"author":[{"embeddable":true,"href":"https:\/\/granulco.com\/en\/wp-json\/wp\/v2\/users\/1"}],"replies":[{"embeddable":true,"href":"https:\/\/granulco.com\/en\/wp-json\/wp\/v2\/comments?post=191"}],"version-history":[{"count":5,"href":"https:\/\/granulco.com\/en\/wp-json\/wp\/v2\/pages\/191\/revisions"}],"predecessor-version":[{"id":438,"href":"https:\/\/granulco.com\/en\/wp-json\/wp\/v2\/pages\/191\/revisions\/438"}],"wp:attachment":[{"href":"https:\/\/granulco.com\/en\/wp-json\/wp\/v2\/media?parent=191"}],"curies":[{"name":"wp","href":"https:\/\/api.w.org\/{rel}","templated":true}]}}