{"id":180,"date":"2017-07-04T13:07:07","date_gmt":"2017-07-04T13:07:07","guid":{"rendered":"http:\/\/saglachosting.com\/~granulco\/?page_id=180"},"modified":"2025-10-02T07:49:23","modified_gmt":"2025-10-02T12:49:23","slug":"aboutus","status":"publish","type":"page","link":"https:\/\/granulco.com\/en\/aboutus\/","title":{"rendered":"About us"},"content":{"rendered":"<p>[vc_row type=&#8221;5&#8243; padding_bottom=&#8221;25&#8243; bg_color=&#8221;#ffffff&#8221;][vc_column width=&#8221;1\/4&#8243;][vc_single_image image=&#8221;42&#8243; img_size=&#8221;full&#8221; style=&#8221;vc_box_shadow_border&#8221; css_animation=&#8221;fadeInUp&#8221;][\/vc_column][vc_column width=&#8221;3\/4&#8243;]<div class=\"dt-fancy-separator title-left h3-size accent-border-color\" style=\"width: 100%;\"><div class=\"dt-fancy-title\"><span class=\"separator-holder separator-left\"><\/span>History<span class=\"separator-holder separator-right\"><\/span><\/div><\/div><div class=\"ult-spacer spacer-69fcfb444f314\" data-id=\"69fcfb444f314\" data-height=\"10\" data-height-mobile=\"10\" data-height-tab=\"10\" data-height-tab-portrait=\"\" data-height-mobile-landscape=\"\" style=\"clear:both;display:block;\"><\/div>[vc_column_text]Inaugurated in 2009 in the village of Sacr\u00e9-C\u0153ur, C\u00f4te Nord, Granulco is located at the Boisaco forestry industrial complex. Since its modest beginnings, Granulco has become an example in fabrication, marketing, and the quality of its products. The company is dedicated to the fabrication of wood pellets and has the mission to produce superior quality products. Wood pellets reach the highest industrial standards in terms of energy efficiency and reduction of greenhouse gases, compared to fossil fuels.[\/vc_column_text][\/vc_column][\/vc_row][vc_row type=&#8221;1&#8243; padding_top=&#8221;35&#8243; padding_bottom=&#8221;35&#8243; bg_color=&#8221;#af9787&#8243; css=&#8221;.vc_custom_1494868984097{background-color: #af9787 !important;}&#8221;][vc_column width=&#8221;1\/4&#8243;][vc_single_image image=&#8221;53&#8243; img_size=&#8221;full&#8221; style=&#8221;vc_box_border&#8221; css_animation=&#8221;fadeInUp&#8221;][\/vc_column][vc_column width=&#8221;3\/4&#8243;]<div class=\"dt-fancy-separator title-left h3-size accent-border-color\" style=\"width: 100%;\"><div class=\"dt-fancy-title\"><span class=\"separator-holder separator-left\"><\/span>Commitment to the Community<span class=\"separator-holder separator-right\"><\/span><\/div><\/div><div class=\"ult-spacer spacer-69fcfb444f335\" data-id=\"69fcfb444f335\" data-height=\"10\" data-height-mobile=\"10\" data-height-tab=\"10\" data-height-tab-portrait=\"\" data-height-mobile-landscape=\"\" style=\"clear:both;display:block;\"><\/div>[vc_column_text]The achievement of Granulco represents a mobilized continuation of commitments with the Sacr\u00e9-Coeur population, which consists principally since 1983, and has assured its own development and socio economic independence. Granulco supports the vision and the willpower of the people to build their future on alliances and the pooling of resources. In addition, ensure the protection of a natural environment and a point of view of the preservation of forestry resources. The company has undertaken the path of partnership with various participants, such as Essipit First Nation Innus. This approach encourages future generations to the assurance of a stable and productive environment.[\/vc_column_text][\/vc_column][\/vc_row][vc_row type=&#8221;5&#8243; padding_top=&#8221;35&#8243; padding_bottom=&#8221;35&#8243; bg_color=&#8221;#ffffff&#8221;][vc_column width=&#8221;1\/4&#8243;][vc_single_image image=&#8221;54&#8243; img_size=&#8221;full&#8221; style=&#8221;vc_box_shadow_border&#8221; css_animation=&#8221;fadeInUp&#8221;][\/vc_column][vc_column width=&#8221;3\/4&#8243;]<div class=\"dt-fancy-separator title-left h3-size accent-border-color\" style=\"width: 100%;\"><div class=\"dt-fancy-title\"><span class=\"separator-holder separator-left\"><\/span>Our Values<span class=\"separator-holder separator-right\"><\/span><\/div><\/div><div class=\"ult-spacer spacer-69fcfb444f34d\" data-id=\"69fcfb444f34d\" data-height=\"10\" data-height-mobile=\"10\" data-height-tab=\"10\" data-height-tab-portrait=\"\" data-height-mobile-landscape=\"\" style=\"clear:both;display:block;\"><\/div>[vc_column_text]Like the other companies associated with the Boisaco group, Granulco relies on the human factor and encourages <strong>teamwork, respect, cooperation, and occupational health and safety<\/strong>.<\/p>\n<p>Granulco takes advantage of synergy relationship between all companies on the industrial site where the installations are situated. In order to optimize the results, we share the \u2018\u2019know-how\u2019\u2019 in addition to certain services, infrastructures and equipment. Granulco\u2019s core values are based on interactions among workers, partners and shareholders.[\/vc_column_text][\/vc_column][\/vc_row][vc_row type=&#8221;1&#8243; margin_bottom=&#8221;-70&#8243; padding_top=&#8221;35&#8243; padding_bottom=&#8221;35&#8243; bg_color=&#8221;#af9787&#8243; css=&#8221;.vc_custom_1494869940586{background-color: #af9787 !important;}&#8221;][vc_column width=&#8221;1\/4&#8243;][vc_single_image image=&#8221;55&#8243; img_size=&#8221;full&#8221; style=&#8221;vc_box_border&#8221; css_animation=&#8221;fadeInUp&#8221;][\/vc_column][vc_column width=&#8221;3\/4&#8243;]<div class=\"dt-fancy-separator title-left h3-size accent-border-color\" style=\"width: 100%;\"><div class=\"dt-fancy-title\"><span class=\"separator-holder separator-left\"><\/span>Our Mission<span class=\"separator-holder separator-right\"><\/span><\/div><\/div><div class=\"ult-spacer spacer-69fcfb444f373\" data-id=\"69fcfb444f373\" data-height=\"10\" data-height-mobile=\"10\" data-height-tab=\"10\" data-height-tab-portrait=\"\" data-height-mobile-landscape=\"\" style=\"clear:both;display:block;\"><\/div>[vc_column_text]Granulco has a mission to ensure the viability of the project entrusted to its shareholders, in the context of sustainable development, the respect of the environment, and diversification of the economy on the Haute-C\u00f4te Nord.\u00a0 Respectfully, for their clients, Granulco takes on the responsibility to obtain top-quality products, according to industrial standards in energy efficiency measures and the reduction of greenhouse gases, compared to fossil fuels.[\/vc_column_text][\/vc_column][\/vc_row]<\/p>\n","protected":false},"excerpt":{"rendered":"<p>[vc_row type=&#8221;5&#8243; padding_bottom=&#8221;25&#8243; bg_color=&#8221;#ffffff&#8221;][vc_column width=&#8221;1\/4&#8243;][vc_single_image image=&#8221;42&#8243; img_size=&#8221;full&#8221; style=&#8221;vc_box_shadow_border&#8221; css_animation=&#8221;fadeInUp&#8221;][\/vc_column][vc_column width=&#8221;3\/4&#8243;][vc_column_text]Inaugurated in 2009 in the village of Sacr\u00e9-C\u0153ur, C\u00f4te Nord, Granulco is located at the Boisaco forestry industrial complex. Since its modest beginnings, Granulco has become an example in fabrication, marketing, and the quality of its products. The company is dedicated to the fabrication of wood&hellip;<\/p>\n","protected":false},"author":1,"featured_media":0,"parent":0,"menu_order":0,"comment_status":"closed","ping_status":"closed","template":"","meta":{"footnotes":""},"class_list":["post-180","page","type-page","status-publish","hentry","description-off"],"yoast_head":"<!-- This site is optimized with the Yoast SEO plugin v27.3 - https:\/\/yoast.com\/product\/yoast-seo-wordpress\/ -->\n<title>About us - Granulco<\/title>\n<meta name=\"robots\" content=\"index, follow, max-snippet:-1, max-image-preview:large, max-video-preview:-1\" \/>\n<link rel=\"canonical\" href=\"https:\/\/granulco.com\/en\/aboutus\/\" \/>\n<meta property=\"og:locale\" content=\"en_US\" \/>\n<meta property=\"og:type\" content=\"article\" \/>\n<meta property=\"og:title\" content=\"About us - Granulco\" \/>\n<meta property=\"og:description\" content=\"[vc_row type=&#8221;5&#8243; padding_bottom=&#8221;25&#8243; bg_color=&#8221;#ffffff&#8221;][vc_column width=&#8221;1\/4&#8243;][vc_single_image image=&#8221;42&#8243; img_size=&#8221;full&#8221; style=&#8221;vc_box_shadow_border&#8221; css_animation=&#8221;fadeInUp&#8221;][\/vc_column][vc_column width=&#8221;3\/4&#8243;][vc_column_text]Inaugurated in 2009 in the village of Sacr\u00e9-C\u0153ur, C\u00f4te Nord, Granulco is located at the Boisaco forestry industrial complex. Since its modest beginnings, Granulco has become an example in fabrication, marketing, and the quality of its products. The company is dedicated to the fabrication of wood&hellip;\" \/>\n<meta property=\"og:url\" content=\"https:\/\/granulco.com\/en\/aboutus\/\" \/>\n<meta property=\"og:site_name\" content=\"Granulco\" \/>\n<meta property=\"article:modified_time\" content=\"2025-10-02T12:49:23+00:00\" \/>\n<meta property=\"og:image\" content=\"http:\/\/granulco.com\/wp-content\/uploads\/2017\/05\/granulco-6.jpg\" \/>\n<meta name=\"twitter:card\" content=\"summary_large_image\" \/>\n<meta name=\"twitter:label1\" content=\"Est. reading time\" \/>\n\t<meta name=\"twitter:data1\" content=\"2 minutes\" \/>\n<script type=\"application\/ld+json\" class=\"yoast-schema-graph\">{\"@context\":\"https:\\\/\\\/schema.org\",\"@graph\":[{\"@type\":\"WebPage\",\"@id\":\"https:\\\/\\\/granulco.com\\\/en\\\/aboutus\\\/\",\"url\":\"https:\\\/\\\/granulco.com\\\/en\\\/aboutus\\\/\",\"name\":\"About us - Granulco\",\"isPartOf\":{\"@id\":\"https:\\\/\\\/granulco.com\\\/#website\"},\"datePublished\":\"2017-07-04T13:07:07+00:00\",\"dateModified\":\"2025-10-02T12:49:23+00:00\",\"breadcrumb\":{\"@id\":\"https:\\\/\\\/granulco.com\\\/en\\\/aboutus\\\/#breadcrumb\"},\"inLanguage\":\"en-US\",\"potentialAction\":[{\"@type\":\"ReadAction\",\"target\":[\"https:\\\/\\\/granulco.com\\\/en\\\/aboutus\\\/\"]}]},{\"@type\":\"BreadcrumbList\",\"@id\":\"https:\\\/\\\/granulco.com\\\/en\\\/aboutus\\\/#breadcrumb\",\"itemListElement\":[{\"@type\":\"ListItem\",\"position\":1,\"name\":\"Accueil\",\"item\":\"https:\\\/\\\/granulco.com\\\/en\\\/\"},{\"@type\":\"ListItem\",\"position\":2,\"name\":\"About us\"}]},{\"@type\":\"WebSite\",\"@id\":\"https:\\\/\\\/granulco.com\\\/#website\",\"url\":\"https:\\\/\\\/granulco.com\\\/\",\"name\":\"Granulco\",\"description\":\"\",\"potentialAction\":[{\"@type\":\"SearchAction\",\"target\":{\"@type\":\"EntryPoint\",\"urlTemplate\":\"https:\\\/\\\/granulco.com\\\/?s={search_term_string}\"},\"query-input\":{\"@type\":\"PropertyValueSpecification\",\"valueRequired\":true,\"valueName\":\"search_term_string\"}}],\"inLanguage\":\"en-US\"}]}<\/script>\n<!-- \/ Yoast SEO plugin. -->","yoast_head_json":{"title":"About us - Granulco","robots":{"index":"index","follow":"follow","max-snippet":"max-snippet:-1","max-image-preview":"max-image-preview:large","max-video-preview":"max-video-preview:-1"},"canonical":"https:\/\/granulco.com\/en\/aboutus\/","og_locale":"en_US","og_type":"article","og_title":"About us - Granulco","og_description":"[vc_row type=&#8221;5&#8243; padding_bottom=&#8221;25&#8243; bg_color=&#8221;#ffffff&#8221;][vc_column width=&#8221;1\/4&#8243;][vc_single_image image=&#8221;42&#8243; img_size=&#8221;full&#8221; style=&#8221;vc_box_shadow_border&#8221; css_animation=&#8221;fadeInUp&#8221;][\/vc_column][vc_column width=&#8221;3\/4&#8243;][vc_column_text]Inaugurated in 2009 in the village of Sacr\u00e9-C\u0153ur, C\u00f4te Nord, Granulco is located at the Boisaco forestry industrial complex. Since its modest beginnings, Granulco has become an example in fabrication, marketing, and the quality of its products. The company is dedicated to the fabrication of wood&hellip;","og_url":"https:\/\/granulco.com\/en\/aboutus\/","og_site_name":"Granulco","article_modified_time":"2025-10-02T12:49:23+00:00","og_image":[{"url":"http:\/\/granulco.com\/wp-content\/uploads\/2017\/05\/granulco-6.jpg","type":"","width":"","height":""}],"twitter_card":"summary_large_image","twitter_misc":{"Est. reading time":"2 minutes"},"schema":{"@context":"https:\/\/schema.org","@graph":[{"@type":"WebPage","@id":"https:\/\/granulco.com\/en\/aboutus\/","url":"https:\/\/granulco.com\/en\/aboutus\/","name":"About us - Granulco","isPartOf":{"@id":"https:\/\/granulco.com\/#website"},"datePublished":"2017-07-04T13:07:07+00:00","dateModified":"2025-10-02T12:49:23+00:00","breadcrumb":{"@id":"https:\/\/granulco.com\/en\/aboutus\/#breadcrumb"},"inLanguage":"en-US","potentialAction":[{"@type":"ReadAction","target":["https:\/\/granulco.com\/en\/aboutus\/"]}]},{"@type":"BreadcrumbList","@id":"https:\/\/granulco.com\/en\/aboutus\/#breadcrumb","itemListElement":[{"@type":"ListItem","position":1,"name":"Accueil","item":"https:\/\/granulco.com\/en\/"},{"@type":"ListItem","position":2,"name":"About us"}]},{"@type":"WebSite","@id":"https:\/\/granulco.com\/#website","url":"https:\/\/granulco.com\/","name":"Granulco","description":"","potentialAction":[{"@type":"SearchAction","target":{"@type":"EntryPoint","urlTemplate":"https:\/\/granulco.com\/?s={search_term_string}"},"query-input":{"@type":"PropertyValueSpecification","valueRequired":true,"valueName":"search_term_string"}}],"inLanguage":"en-US"}]}},"_links":{"self":[{"href":"https:\/\/granulco.com\/en\/wp-json\/wp\/v2\/pages\/180","targetHints":{"allow":["GET"]}}],"collection":[{"href":"https:\/\/granulco.com\/en\/wp-json\/wp\/v2\/pages"}],"about":[{"href":"https:\/\/granulco.com\/en\/wp-json\/wp\/v2\/types\/page"}],"author":[{"embeddable":true,"href":"https:\/\/granulco.com\/en\/wp-json\/wp\/v2\/users\/1"}],"replies":[{"embeddable":true,"href":"https:\/\/granulco.com\/en\/wp-json\/wp\/v2\/comments?post=180"}],"version-history":[{"count":5,"href":"https:\/\/granulco.com\/en\/wp-json\/wp\/v2\/pages\/180\/revisions"}],"predecessor-version":[{"id":614,"href":"https:\/\/granulco.com\/en\/wp-json\/wp\/v2\/pages\/180\/revisions\/614"}],"wp:attachment":[{"href":"https:\/\/granulco.com\/en\/wp-json\/wp\/v2\/media?parent=180"}],"curies":[{"name":"wp","href":"https:\/\/api.w.org\/{rel}","templated":true}]}}